{"id":2978,"date":"2015-12-14T18:23:31","date_gmt":"2015-12-14T17:23:31","guid":{"rendered":"https:\/\/www.ambassadeurhotel.com\/en\/?page_id=2978"},"modified":"2022-06-21T14:56:06","modified_gmt":"2022-06-21T13:56:06","slug":"legal-notices","status":"publish","type":"page","link":"https:\/\/www.ambassadeurhotel.com\/en\/legal-notices\/","title":{"rendered":"Legal notices"},"content":{"rendered":"<div class=\"wpb-content-wrapper\"><p>[vc_row css=&#8221;.vc_custom_1430988223837{margin-top: 50px !important;}&#8221;][vc_column][vc_row_inner][vc_column_inner][vc_column_text]<\/p>\n<h1>Legal Mentions &#8211; Ambassadeur H\u00f4tel Cherbourg port de plaisance<\/h1>\n<p><strong>Ambassadeur H\u00f4tel Cherbourg port de plaisance<\/strong><\/p>\n<p>Mr &amp; et Mrs Hamel<\/p>\n<p><strong>Headquarter:<\/strong><br \/>\n22 quai de Caligny<br \/>\n50100 Cherbourg-Octeville<\/p>\n<p>Tel: +33 (0)2 33 43 10 00<br \/>\nFax: +33 (0)2 33 43 10 01<\/p>\n<p><strong>Directors of publication:<\/strong>\u00a0Mr &amp; et Mrs Hamel<\/p>\n<p>RCS Cherbourg 315 569 251<\/p>\n<p><strong>M\u00e9diator :<\/strong><\/p>\n<p>After having referred the matter to the litigation department of the HOTEL AMBASSADEUR, and in the absence of a satisfactory response within 1 month, the customer may refer the matter to the Mediator of Tourism and Travel, whose contact details appear below:<\/p>\n<p>Postal address: M\u00e9diation Tourisme et Voyage BP 80 303 75 823 Paris Cedex 17<\/p>\n<p>Web site : www.mtv.travel<\/p>\n<p>SIRET : 80057706600015<br \/>\nAPE : 5510Z<\/p>\n<p><strong>Hosting:<\/strong><br \/>\nCe site est h\u00e9berg\u00e9 par la soci\u00e9t\u00e9 OVH www.ovh.com<\/p>\n<p><strong>Video Copyright:<\/strong><br \/>\nFran\u00e7ois Dourlen for Office de Tourisme du Cotentin[\/vc_column_text][\/vc_column_inner][\/vc_row_inner][\/vc_column][\/vc_row][vc_row][vc_column][vc_column_text]<strong>Peronal Data Processing:<\/strong><\/p>\n<p>The controller is AMBASSADEUR HOTEL SARL, with a capital of 50.000 \u20ac, registered in the Trade and Companies Register, under the number 80057706600015 RCS of CHERBOURG, whose head office is located 22 QUAI DE CALIGNY 50100 CHERBOURG EN COTENTIN.<\/p>\n<p>The Data Protection Officer is Ludovic HAMEL.<\/p>\n<p>COLLECTED DATA AND FINALITIES OF THE COLLECTION<\/p>\n<p>The personal data of the user that is collected directly (for example, when sending a question via the contact page or when submitting resumes via the appropriate form) or indirectly (the connection data) serve the purposes explicit, legitimate and determined.<br \/>\nThey are used by AMBASSADEUR HOTEL:<br \/>\n\u2013 for statistical purposes;<br \/>\n\u2013 to enrich the editorial content and adapt it to the needs of the users;<br \/>\n\u2013 to respond to requests and requests for information on the services offered by TALK ME. For this purpose, it may be necessary for TALK ME to call the user by telephone or TALK ME to communicate with the user by e-mail. ;<br \/>\n\u2013 for the management of registrations for events organized by AMBASSADEUR HOTEL or the subscription of users to the publications of the blog;<br \/>\n\u2013 for recruitment. If the user submits a CV or online application, AMBASSADEUR HOTEL will use this personal data for recruitment purposes, which may imply that AMBASSADEUR HOTEL will contact the user via email, phone or mail. In some cases, the user may be required to register on the AMBASSADEUR HOTEL website. Unless otherwise requested by you, AMBASSADEUR HOTEL may keep this personal data for 6 months in its files to possibly contact the user in the future for other job opportunities at AMBASSADEUR HOTEL.<\/p>\n<p>The communication of personal data in this context is voluntary. If the user does not provide this personal data, he will not be able to benefit from the corresponding services offered by the AMBASSADEUR HOTEL websites, such as communication, downloading of documents or recruitment.<\/p>\n<p>When the user provides personal data on the AMBASSADEUR HOTEL website, he guarantees to have received the necessary authorizations and consents of the persons concerned by this personal data if they concern other people than you and, if necessary, for the uses described in these terms and conditions of use.<\/p>\n<p>In general, AMBASSADEUR HOTEL does not collect sensitive personal data through its website. By voluntarily providing AMBASSADEUR HOTEL with sensitive personal data without being requested (for example by submitting a CV or an online application), the user expressly consents to the personal data being used as described in these terms and conditions. general terms of use.<\/p>\n<p>USER INFORMATION<\/p>\n<p>In accordance with the European Regulation on the Protection of Personal Data No. 2016\/679 (hereinafter the RGPD), AMBASSADEUR HOTEL informs the users of its Site about the processing of personal data it implements.<\/p>\n<p>Thus, AMBASSADEUR HOTEL informe:<\/p>\n<p>&gt; The identity of the controller and the data protection officer:<br \/>\nProcessing manager: the data controller is AMBASSADEUR HOTEL SARL, with a capital of 50.000 \u20ac, registered in the Trade and Companies Register, under number 80057706600015 RCS of CHERBOURG EN COTENTIN, whose head office is located 22 QUAI DE CALIGNY 50100 CHERBOURG EN COTENTIN. The Data Protection Officer is Ludovic HAMEL.<\/p>\n<p>&gt; The purpose of the processing for which the data are intended:<br \/>\n\u2013 for statistical purposes;<br \/>\n\u2013 to enrich the editorial content and adapt it to the needs of the users;<br \/>\n\u2013 to respond to requests and requests for information on the services offered by AMBASSADEUR HOTEL.<br \/>\n\u2013 for the management of registrations for events organized by AMBASSADEUR HOTEL or the subscription of users to the publications of the blog<\/p>\n<p>&gt; Obligatory or optional nature of the answers: fields marked with an asterisk are mandatory fields<\/p>\n<p>&gt; Recipients of the data:<br \/>\n\u2013 The services concerned by AMBASSADEUR HOTEL<br \/>\n\u2013 Technical service providers who intervene in the process of dissemination of the Site<\/p>\n<p>&gt; Rights of access, rectification and modification, limitation, deletion of users\u2019 data, rights of opposition for legitimate reasons, rights to oppose the use of data for prospecting purposes and their right to lay down guidelines on the fate of their personal data after their death.<\/p>\n<p>&gt; The shelf life of the processed data:<br \/>\n\u2013 customer data: kept for the duration of the contractual relationship, increased by three (3) years;<br \/>\n\u2013 Prospect data is retained for a period of three (3) years from the last contact with AMBASSADEUR HOTEL.<\/p>\n<p>RIGHTS OF USERS<\/p>\n<p>The user has a right of access, rectification and modification, limitation and deletion.<\/p>\n<p>He also has the right to oppose the processing of his personal data for legitimate reasons, as well as a right to object to his data being used for commercial prospecting purposes.<\/p>\n<p>Finally, it has the right to define general and specific directives defining the manner in which it intends to exercise those rights after its death.<\/p>\n<p>The user has, in any case, the right to lodge a complaint with the CNIL.<\/p>\n<p>To exercise his rights, the user must send a letter to the Data Protection Officer of AMBASSADEUR HOTEL, accompanied by a photocopy of an identity document bearing his signature, at the following postal address: AMBASSADEUR HOTEL \u2013 22 QUAI DE CALIGNY 50100 CHERBOURG EN COTENTIN or e-mail address contact@ambassadeurhotel.com.<\/p>\n<p>DATA RECIPIENTS<\/p>\n<p>The recipients of your personal data are the relevant services of AMBASSADEUR HOTEL.<\/p>\n<p>This personal data is not communicated to third parties except the extern AMBASSADEUR HOTEL al technical service providers involved in the dissemination process of the Site. AMBASSADEUR HOTEL has the rule to ask these external service providers to process personal data in accordance with the TALK ME commitments on confidentiality and security.<\/p>\n<p>CONSERVATION OF DATA<\/p>\n<p>AMBASSADEUR HOTEL retains the personal data of its users only during the time required for the operations for which they were collected and in compliance with the regulations in force. As such, customer data is retained for the duration of the contractual relationship, plus three (3) years for animation and prospecting purposes, without prejudice to any retention obligations or limitation periods.<br \/>\nProspect data is retained for a period of three (3) years from the last contact with the firm.<\/p>\n<p>SECURITY<\/p>\n<p>AMBASSADEUR HOTEL ensures the security of your personal data by implementing data protection enhanced by the use of physical and logical security.<\/p>\n<p>AMBASSADEUR HOTEL has put in place a policy of protection of personal data against their loss, misuse, modification or destruction. Any member of AMBASSADEUR HOTEL who accesses this information is informed of their confidentiality. In addition, AMBASSADEUR HOTEL ensures that its technical service providers likely to have knowledge of personal data, respect the same confidentiality.<\/p>\n<p>However, it is important for the user to know that since the internet is open to everyone and not secure, AMBASSADEUR HOTEL can not be held responsible for the security of transmitting personal data over the internet.<\/p>\n<p>[vc_row full_width=&#8221;stretch_row&#8221; css=&#8221;.vc_custom_1433325077544{background-image: url(https:\/\/www.ambassadeurhotel.com\/wp-content\/uploads\/2015\/05\/IMG_6997.jpg?id=2425) !important;background-position: center !important;background-repeat: no-repeat !important;background-size: cover !important;}&#8221; el_class=&#8221;pix-nopaddingbottom&#8221;][vc_column][vc_row_inner][vc_column_inner width=&#8221;1\/3&#8243;][vc_empty_space][vc_column_text css=&#8221;.vc_custom_1433336299300{padding-top: 20px !important;padding-right: 20px !important;padding-bottom: 20px !important;padding-left: 20px !important;background-image: url(https:\/\/www.ambassadeurhotel.com\/wp-content\/uploads\/2015\/05\/blanc_trans70.png?id=2435) !important;}&#8221;]<\/p>\n<h3>Nearby (Surroundings): Barfleur, Gatteville, Tatihou, Le Nez de jobourg, \u2026<\/h3>\n<p>Far from the hubbub of tourism, Cherbourg, <strong>at the far end of the Cotentin Peninsula<\/strong>, is a gateway to Europe, half way between the wildness of the \u201cHague\u201d and the \u201cVal de Saire\u201d valley with its picturesque ports and preserved landscape.<\/p>\n<p>We will be delighted to guide you through your choice of visits across the typical Norman \u201cbocage\u201d landscape.<\/p>\n<p><a href=\"https:\/\/www.ambassadeurhotel.com\/en\/cotentin-peninsula\/\">Discover the Cotentin<\/a>[\/vc_column_text][vc_empty_space][vc_column_inner width=&#8221;1\/3&#8243;][\/vc_column_inner][vc_column_inner width=&#8221;1\/3&#8243;][\/vc_column_inner][\/vc_column][\/vc_row]<\/p>\n<\/div>","protected":false},"excerpt":{"rendered":"<p>[vc_row css=&#8221;.vc_custom_1430988223837{margin-top: 50px !important;}&#8221;][vc_column][vc_row_inner][vc_column_inner][vc_column_text] Legal Mentions &#8211; Ambassadeur H\u00f4tel Cherbourg port de plaisance Ambassadeur H\u00f4tel Cherbourg port de plaisance Mr &amp; et Mrs Hamel Headquarter: 22<span class=\"excerpt-hellip\"> [\u2026]<\/span><\/p>\n","protected":false},"author":1,"featured_media":0,"parent":0,"menu_order":50,"comment_status":"open","ping_status":"closed","template":"","meta":{"footnotes":""},"class_list":["post-2978","page","type-page","status-publish","hentry"],"_links":{"self":[{"href":"https:\/\/www.ambassadeurhotel.com\/en\/wp-json\/wp\/v2\/pages\/2978","targetHints":{"allow":["GET"]}}],"collection":[{"href":"https:\/\/www.ambassadeurhotel.com\/en\/wp-json\/wp\/v2\/pages"}],"about":[{"href":"https:\/\/www.ambassadeurhotel.com\/en\/wp-json\/wp\/v2\/types\/page"}],"author":[{"embeddable":true,"href":"https:\/\/www.ambassadeurhotel.com\/en\/wp-json\/wp\/v2\/users\/1"}],"replies":[{"embeddable":true,"href":"https:\/\/www.ambassadeurhotel.com\/en\/wp-json\/wp\/v2\/comments?post=2978"}],"version-history":[{"count":11,"href":"https:\/\/www.ambassadeurhotel.com\/en\/wp-json\/wp\/v2\/pages\/2978\/revisions"}],"predecessor-version":[{"id":6715,"href":"https:\/\/www.ambassadeurhotel.com\/en\/wp-json\/wp\/v2\/pages\/2978\/revisions\/6715"}],"wp:attachment":[{"href":"https:\/\/www.ambassadeurhotel.com\/en\/wp-json\/wp\/v2\/media?parent=2978"}],"curies":[{"name":"wp","href":"https:\/\/api.w.org\/{rel}","templated":true}]}}