{"id":2879,"date":"2015-12-14T10:40:07","date_gmt":"2015-12-14T09:40:07","guid":{"rendered":"https:\/\/www.ambassadeurhotel.com\/en\/?page_id=2879"},"modified":"2025-03-12T17:30:02","modified_gmt":"2025-03-12T16:30:02","slug":"activities-in-cherbourg","status":"publish","type":"page","link":"https:\/\/www.ambassadeurhotel.com\/en\/activities-in-cherbourg\/","title":{"rendered":"Activities in Cherbourg"},"content":{"rendered":"<div class=\"wpb-content-wrapper\"><p>[vc_row css=&#8221;.vc_custom_1430989694923{margin-top: 50px !important;}&#8221;][vc_column]<div class=\"column_filters\"><div class=\"blog_wrapper isotope_wrapper clearfix\"><div class=\"posts_group lm_wrapper element_classes col-3 grid\"><article class=\"post post-item isotope-item clearfix category-14 category-2 post-9628 type-post status-publish format-standard has-post-thumbnail hentry category-decouvertes category-news\" style=\"\"><div class=\"date_label\">3 April 2026<\/div><div class=\"image_frame post-photo-wrapper scale-with-grid image\"><div class=\"image_wrapper\"><a href=\"https:\/\/www.ambassadeurhotel.com\/en\/le-retro-mobile-de-quineville-le-03-mai\/\"><div class=\"mask\"><\/div><img loading=\"lazy\" decoding=\"async\" width=\"960\" height=\"750\" src=\"https:\/\/www.ambassadeurhotel.com\/wp-content\/uploads\/2026\/01\/retro-mobile-960x750.webp\" class=\"scale-with-grid wp-post-image\" alt=\"\" \/><\/a><div class=\"image_links double\"><a class=\"zoom \"  data-rel=\"prettyphoto-gallery-0\" data-rl_title=\"\" data-rl_caption=\"\" href=\"https:\/\/www.ambassadeurhotel.com\/wp-content\/uploads\/2026\/01\/retro-mobile.webp\" title=\"\"><svg viewBox=\"0 0 26 26\"><defs><style>.path{fill:none;stroke:#333;stroke-miterlimit:10;stroke-width:1.5px;}<\/style><\/defs><circle cx=\"11.35\" cy=\"11.35\" r=\"6\" class=\"path\"><\/circle><line x1=\"15.59\" y1=\"15.59\" x2=\"20.65\" y2=\"20.65\" class=\"path\"><\/line><\/svg><\/a><a class=\"link \"  href=\"https:\/\/www.ambassadeurhotel.com\/en\/le-retro-mobile-de-quineville-le-03-mai\/\"><svg viewBox=\"0 0 26 26\"><defs><style>.path{fill:none;stroke:#333;stroke-miterlimit:10;stroke-width:1.5px;}<\/style><\/defs><g><path d=\"M10.17,8.76l2.12-2.12a5,5,0,0,1,7.07,0h0a5,5,0,0,1,0,7.07l-2.12,2.12\" class=\"path\"><\/path><path d=\"M15.83,17.24l-2.12,2.12a5,5,0,0,1-7.07,0h0a5,5,0,0,1,0-7.07l2.12-2.12\" class=\"path\"><\/path><line x1=\"10.17\" y1=\"15.83\" x2=\"15.83\" y2=\"10.17\" class=\"path\"><\/line><\/g><\/svg><\/a><\/div><\/div><\/div><div class=\"post-desc-wrapper bg- has-custom-bg\" style=\"\"><div class=\"post-desc\"><div class=\"post-head\"><\/div><div class=\"post-title\"><h2 class=\"entry-title \" itemprop=\"headline\"><a href=\"https:\/\/www.ambassadeurhotel.com\/en\/le-retro-mobile-de-quineville-le-03-mai\/\">Le R\u00e9tro Mobile de Quin\u00e9ville (le 02 Mai)<\/a><\/h2><\/div><div class=\"post-excerpt\">&nbsp; &#x1f697; Le R\u00e9tro Mobile de Quin\u00e9ville \u2014 Exposition de v\u00e9hicules anciens et bourse d\u2019\u00e9changes Amateurs de voitures anciennes, passionn\u00e9s de m\u00e9canique d\u2019antan et simple curieux<span class=\"excerpt-hellip\"> [\u2026]<\/span><\/div><div class=\"post-footer\"><div class=\"button-love\"><span class=\"love-text\">Do you like it?<\/span><\/div><div class=\"post-links\"><i class=\"read-more-icon icon-doc-text\" aria-hidden=\"true\"><\/i> <a href=\"https:\/\/www.ambassadeurhotel.com\/en\/le-retro-mobile-de-quineville-le-03-mai\/\" class=\"post-more\">Read more<\/a><\/div><\/div><\/div><\/div><\/article><article class=\"post post-item isotope-item clearfix category-14 category-2 post-9792 type-post status-publish format-standard has-post-thumbnail hentry category-decouvertes category-news\" style=\"\"><div class=\"date_label\">2 April 2026<\/div><div class=\"image_frame post-photo-wrapper scale-with-grid image\"><div class=\"image_wrapper\"><a href=\"https:\/\/www.ambassadeurhotel.com\/en\/escapade-voile-horizon\/\"><div class=\"mask\"><\/div><img loading=\"lazy\" decoding=\"async\" width=\"683\" height=\"750\" src=\"https:\/\/www.ambassadeurhotel.com\/wp-content\/uploads\/2026\/03\/ChatGPT-Image-30-mars-2026-12_26_21-683x750.jpg\" class=\"scale-with-grid wp-post-image\" alt=\"\" \/><\/a><div class=\"image_links double\"><a class=\"zoom \"  data-rel=\"prettyphoto-gallery-0\" data-rl_title=\"\" data-rl_caption=\"\" href=\"https:\/\/www.ambassadeurhotel.com\/wp-content\/uploads\/2026\/03\/ChatGPT-Image-30-mars-2026-12_26_21.jpg\" title=\"\"><svg viewBox=\"0 0 26 26\"><defs><style>.path{fill:none;stroke:#333;stroke-miterlimit:10;stroke-width:1.5px;}<\/style><\/defs><circle cx=\"11.35\" cy=\"11.35\" r=\"6\" class=\"path\"><\/circle><line x1=\"15.59\" y1=\"15.59\" x2=\"20.65\" y2=\"20.65\" class=\"path\"><\/line><\/svg><\/a><a class=\"link \"  href=\"https:\/\/www.ambassadeurhotel.com\/en\/escapade-voile-horizon\/\"><svg viewBox=\"0 0 26 26\"><defs><style>.path{fill:none;stroke:#333;stroke-miterlimit:10;stroke-width:1.5px;}<\/style><\/defs><g><path d=\"M10.17,8.76l2.12-2.12a5,5,0,0,1,7.07,0h0a5,5,0,0,1,0,7.07l-2.12,2.12\" class=\"path\"><\/path><path d=\"M15.83,17.24l-2.12,2.12a5,5,0,0,1-7.07,0h0a5,5,0,0,1,0-7.07l2.12-2.12\" class=\"path\"><\/path><line x1=\"10.17\" y1=\"15.83\" x2=\"15.83\" y2=\"10.17\" class=\"path\"><\/line><\/g><\/svg><\/a><\/div><\/div><\/div><div class=\"post-desc-wrapper bg- has-custom-bg\" style=\"\"><div class=\"post-desc\"><div class=\"post-head\"><\/div><div class=\"post-title\"><h2 class=\"entry-title \" itemprop=\"headline\"><a href=\"https:\/\/www.ambassadeurhotel.com\/en\/escapade-voile-horizon\/\">Escapade Voile &#038; Horizon<\/a><\/h2><\/div><div class=\"post-excerpt\">&#x26f5; Escapade Voile &amp; Horizon Une parenth\u00e8se romantique face au port de Cherbourg Offrez-vous une exp\u00e9rience unique entre terre et mer avec notre formule \u201cEscapade Voile<span class=\"excerpt-hellip\"> [\u2026]<\/span><\/div><div class=\"post-footer\"><div class=\"button-love\"><span class=\"love-text\">Do you like it?<\/span><\/div><div class=\"post-links\"><i class=\"read-more-icon icon-doc-text\" aria-hidden=\"true\"><\/i> <a href=\"https:\/\/www.ambassadeurhotel.com\/en\/escapade-voile-horizon\/\" class=\"post-more\">Read more<\/a><\/div><\/div><\/div><\/div><\/article><article class=\"post post-item isotope-item clearfix category-14 category-2 post-9811 type-post status-publish format-standard has-post-thumbnail hentry category-decouvertes category-news\" style=\"\"><div class=\"date_label\">2 April 2026<\/div><div class=\"image_frame post-photo-wrapper scale-with-grid image\"><div class=\"image_wrapper\"><a href=\"https:\/\/www.ambassadeurhotel.com\/en\/le-cotentin-vu-du-ciel-le-26-avril-le-25-juillet-le-15-aout-le-29-septembre\/\"><div class=\"mask\"><\/div><img loading=\"lazy\" decoding=\"async\" width=\"431\" height=\"750\" src=\"https:\/\/www.ambassadeurhotel.com\/wp-content\/uploads\/2026\/04\/helico-431x750.png\" class=\"scale-with-grid wp-post-image\" alt=\"\" \/><\/a><div class=\"image_links double\"><a class=\"zoom \"  data-rel=\"prettyphoto-gallery-0\" data-rl_title=\"\" data-rl_caption=\"\" href=\"https:\/\/www.ambassadeurhotel.com\/wp-content\/uploads\/2026\/04\/helico.png\" title=\"\"><svg viewBox=\"0 0 26 26\"><defs><style>.path{fill:none;stroke:#333;stroke-miterlimit:10;stroke-width:1.5px;}<\/style><\/defs><circle cx=\"11.35\" cy=\"11.35\" r=\"6\" class=\"path\"><\/circle><line x1=\"15.59\" y1=\"15.59\" x2=\"20.65\" y2=\"20.65\" class=\"path\"><\/line><\/svg><\/a><a class=\"link \"  href=\"https:\/\/www.ambassadeurhotel.com\/en\/le-cotentin-vu-du-ciel-le-26-avril-le-25-juillet-le-15-aout-le-29-septembre\/\"><svg viewBox=\"0 0 26 26\"><defs><style>.path{fill:none;stroke:#333;stroke-miterlimit:10;stroke-width:1.5px;}<\/style><\/defs><g><path d=\"M10.17,8.76l2.12-2.12a5,5,0,0,1,7.07,0h0a5,5,0,0,1,0,7.07l-2.12,2.12\" class=\"path\"><\/path><path d=\"M15.83,17.24l-2.12,2.12a5,5,0,0,1-7.07,0h0a5,5,0,0,1,0-7.07l2.12-2.12\" class=\"path\"><\/path><line x1=\"10.17\" y1=\"15.83\" x2=\"15.83\" y2=\"10.17\" class=\"path\"><\/line><\/g><\/svg><\/a><\/div><\/div><\/div><div class=\"post-desc-wrapper bg- has-custom-bg\" style=\"\"><div class=\"post-desc\"><div class=\"post-head\"><\/div><div class=\"post-title\"><h2 class=\"entry-title \" itemprop=\"headline\"><a href=\"https:\/\/www.ambassadeurhotel.com\/en\/le-cotentin-vu-du-ciel-le-26-avril-le-25-juillet-le-15-aout-le-29-septembre\/\">Le Cotentin vu du ciel (le 26 Avril, le 25 Juillet, le 15 Aout, le 29 Septembre)<\/a><\/h2><\/div><div class=\"post-excerpt\">D\u00e9couvrez une exp\u00e9rience unique \u00e0 Cherbourg en 2026 Envie de vivre un moment hors du commun lors de votre passage \u00e0 Cherbourg ? En 2026, laissez-vous<span class=\"excerpt-hellip\"> [\u2026]<\/span><\/div><div class=\"post-footer\"><div class=\"button-love\"><span class=\"love-text\">Do you like it?<\/span><\/div><div class=\"post-links\"><i class=\"read-more-icon icon-doc-text\" aria-hidden=\"true\"><\/i> <a href=\"https:\/\/www.ambassadeurhotel.com\/en\/le-cotentin-vu-du-ciel-le-26-avril-le-25-juillet-le-15-aout-le-29-septembre\/\" class=\"post-more\">Read more<\/a><\/div><\/div><\/div><\/div><\/article><article class=\"post post-item isotope-item clearfix category-14 category-2 post-9808 type-post status-publish format-standard has-post-thumbnail hentry category-decouvertes category-news\" style=\"\"><div class=\"date_label\">2 April 2026<\/div><div class=\"image_frame post-photo-wrapper scale-with-grid image\"><div class=\"image_wrapper\"><a href=\"https:\/\/www.ambassadeurhotel.com\/en\/spectacle-immersif-terre-dirlande-et-la-pierre-doracle-du-01-au-03-mai\/\"><div class=\"mask\"><\/div><img loading=\"lazy\" decoding=\"async\" width=\"800\" height=\"533\" src=\"https:\/\/www.ambassadeurhotel.com\/wp-content\/uploads\/2026\/04\/20230919155953-d12b40cb-me.jpg\" class=\"scale-with-grid wp-post-image\" alt=\"\" srcset=\"https:\/\/www.ambassadeurhotel.com\/wp-content\/uploads\/2026\/04\/20230919155953-d12b40cb-me.jpg 800w, https:\/\/www.ambassadeurhotel.com\/wp-content\/uploads\/2026\/04\/20230919155953-d12b40cb-me-300x200.jpg 300w, https:\/\/www.ambassadeurhotel.com\/wp-content\/uploads\/2026\/04\/20230919155953-d12b40cb-me-768x512.jpg 768w, https:\/\/www.ambassadeurhotel.com\/wp-content\/uploads\/2026\/04\/20230919155953-d12b40cb-me-113x75.jpg 113w, https:\/\/www.ambassadeurhotel.com\/wp-content\/uploads\/2026\/04\/20230919155953-d12b40cb-me-480x320.jpg 480w\" sizes=\"auto, (max-width:767px) 480px, (max-width:800px) 100vw, 800px\" \/><\/a><div class=\"image_links double\"><a class=\"zoom \"  data-rel=\"prettyphoto-gallery-0\" data-rl_title=\"\" data-rl_caption=\"\" href=\"https:\/\/www.ambassadeurhotel.com\/wp-content\/uploads\/2026\/04\/20230919155953-d12b40cb-me.jpg\" title=\"\"><svg viewBox=\"0 0 26 26\"><defs><style>.path{fill:none;stroke:#333;stroke-miterlimit:10;stroke-width:1.5px;}<\/style><\/defs><circle cx=\"11.35\" cy=\"11.35\" r=\"6\" class=\"path\"><\/circle><line x1=\"15.59\" y1=\"15.59\" x2=\"20.65\" y2=\"20.65\" class=\"path\"><\/line><\/svg><\/a><a class=\"link \"  href=\"https:\/\/www.ambassadeurhotel.com\/en\/spectacle-immersif-terre-dirlande-et-la-pierre-doracle-du-01-au-03-mai\/\"><svg viewBox=\"0 0 26 26\"><defs><style>.path{fill:none;stroke:#333;stroke-miterlimit:10;stroke-width:1.5px;}<\/style><\/defs><g><path d=\"M10.17,8.76l2.12-2.12a5,5,0,0,1,7.07,0h0a5,5,0,0,1,0,7.07l-2.12,2.12\" class=\"path\"><\/path><path d=\"M15.83,17.24l-2.12,2.12a5,5,0,0,1-7.07,0h0a5,5,0,0,1,0-7.07l2.12-2.12\" class=\"path\"><\/path><line x1=\"10.17\" y1=\"15.83\" x2=\"15.83\" y2=\"10.17\" class=\"path\"><\/line><\/g><\/svg><\/a><\/div><\/div><\/div><div class=\"post-desc-wrapper bg- has-custom-bg\" style=\"\"><div class=\"post-desc\"><div class=\"post-head\"><\/div><div class=\"post-title\"><h2 class=\"entry-title \" itemprop=\"headline\"><a href=\"https:\/\/www.ambassadeurhotel.com\/en\/spectacle-immersif-terre-dirlande-et-la-pierre-doracle-du-01-au-03-mai\/\">Spectacle Immersif : &#8220;Terre d&#8217;Irlande et la pierre d&#8217;Oracle&#8221; (du 01 au 03 Mai)<\/a><\/h2><\/div><div class=\"post-excerpt\">Cotentin f\u00eate l\u2019Irlande : une immersion exceptionnelle au Ch\u00e2teau des Ravalet Le Ch\u00e2teau des Ravalet vous ouvre ses portes du 1er au 3 mai 2026 pour<span class=\"excerpt-hellip\"> [\u2026]<\/span><\/div><div class=\"post-footer\"><div class=\"button-love\"><span class=\"love-text\">Do you like it?<\/span><\/div><div class=\"post-links\"><i class=\"read-more-icon icon-doc-text\" aria-hidden=\"true\"><\/i> <a href=\"https:\/\/www.ambassadeurhotel.com\/en\/spectacle-immersif-terre-dirlande-et-la-pierre-doracle-du-01-au-03-mai\/\" class=\"post-more\">Read more<\/a><\/div><\/div><\/div><\/div><\/article><\/div><div class=\"column one pager_wrapper\"><div class=\"pager\"><div class=\"pages\"><a href=\"https:\/\/www.ambassadeurhotel.com\/en\/wp-json\/wp\/v2\/pages\/2879\/\" class=\"page active\">1<\/a><a href=\"https:\/\/www.ambassadeurhotel.com\/en\/wp-json\/wp\/v2\/pages\/2879\/page\/2\/\" class=\"page\">2<\/a><a href=\"https:\/\/www.ambassadeurhotel.com\/en\/wp-json\/wp\/v2\/pages\/2879\/page\/3\/\" class=\"page\">3<\/a><a href=\"https:\/\/www.ambassadeurhotel.com\/en\/wp-json\/wp\/v2\/pages\/2879\/page\/4\/\" class=\"page\">4<\/a><a href=\"https:\/\/www.ambassadeurhotel.com\/en\/wp-json\/wp\/v2\/pages\/2879\/page\/5\/\" class=\"page\">5<\/a><a href=\"https:\/\/www.ambassadeurhotel.com\/en\/wp-json\/wp\/v2\/pages\/2879\/page\/6\/\" class=\"page\">6<\/a><a href=\"https:\/\/www.ambassadeurhotel.com\/en\/wp-json\/wp\/v2\/pages\/2879\/page\/7\/\" class=\"page\">7<\/a><a href=\"https:\/\/www.ambassadeurhotel.com\/en\/wp-json\/wp\/v2\/pages\/2879\/page\/8\/\" class=\"page\">8<\/a><a href=\"https:\/\/www.ambassadeurhotel.com\/en\/wp-json\/wp\/v2\/pages\/2879\/page\/9\/\" class=\"page\">9<\/a><a href=\"https:\/\/www.ambassadeurhotel.com\/en\/wp-json\/wp\/v2\/pages\/2879\/page\/10\/\" class=\"page\">10<\/a><a href=\"https:\/\/www.ambassadeurhotel.com\/en\/wp-json\/wp\/v2\/pages\/2879\/page\/11\/\" class=\"page\">11<\/a><a href=\"https:\/\/www.ambassadeurhotel.com\/en\/wp-json\/wp\/v2\/pages\/2879\/page\/12\/\" class=\"page\">12<\/a><a href=\"https:\/\/www.ambassadeurhotel.com\/en\/wp-json\/wp\/v2\/pages\/2879\/page\/13\/\" class=\"page\">13<\/a><a href=\"https:\/\/www.ambassadeurhotel.com\/en\/wp-json\/wp\/v2\/pages\/2879\/page\/14\/\" class=\"page\">14<\/a><a href=\"https:\/\/www.ambassadeurhotel.com\/en\/wp-json\/wp\/v2\/pages\/2879\/page\/15\/\" class=\"page\">15<\/a><a href=\"https:\/\/www.ambassadeurhotel.com\/en\/wp-json\/wp\/v2\/pages\/2879\/page\/16\/\" class=\"page\">16<\/a><\/div><a rel=\"next\" class=\"next_page\" href=\"https:\/\/www.ambassadeurhotel.com\/en\/wp-json\/wp\/v2\/pages\/2879\/page\/2\/\">Next page<i class=\"icon-right-open\" aria-hidden=\"true\"><\/i><\/a><\/div><\/div>\n<\/div>\n<\/div>\n[\/vc_column][\/vc_row][vc_row full_width=&#8221;stretch_row&#8221; css=&#8221;.vc_custom_1433325077544{background-image: url(https:\/\/www.ambassadeurhotel.com\/wp-content\/uploads\/2015\/05\/IMG_6997.jpg?id=2425) !important;background-position: center !important;background-repeat: no-repeat !important;background-size: cover !important;}&#8221; el_class=&#8221;pix-nopaddingbottom&#8221;][vc_column][vc_row_inner][vc_column_inner width=&#8221;1\/3&#8243;][vc_empty_space][vc_column_text css=&#8221;.vc_custom_1741796995030{padding-top: 20px !important;padding-right: 20px !important;padding-bottom: 20px !important;padding-left: 20px !important;background-image: url(https:\/\/www.ambassadeurhotel.com\/wp-content\/uploads\/2015\/05\/blanc_trans70.png?id=2435) !important;}&#8221;]<\/p>\n<h4 style=\"text-align: center;\"><strong>Discover the authentic Cotentin:<br \/>\nYour eco-responsible getaway<\/strong><\/h4>\n<h4 style=\"text-align: center;\"><strong>Immerse yourself in unspoiled nature and exceptional biodiversity:<\/strong><\/h4>\n<ul>\n<li>Explore the 8 unique havens of the West Coast, true natural sanctuaries<\/li>\n<li>Travel the 112 km of marked trails on foot or by bike<\/li>\n<li>Observe rich fauna and flora in the 17 remarkable natural sites of the Cotentin<\/li>\n<\/ul>\n<p>Experience slow and authentic tourism:<\/p>\n<ul>\n<li>Navigate the Cotentin marshes during an eco-responsible river cruise<\/li>\n<li>Discover local heritage: the Gatteville lighthouse, Barfleur, Tatihou Island, the Nez de Jobourg<\/li>\n<li>Savor local products: cider, Isigny butter, seafood<\/li>\n<\/ul>\n<h4 style=\"text-align: center;\"><strong>Our passionate team will guide you in your discoveries for an unforgettable and environmentally friendly stay. Choose Hotel Ambassadeur for a green escape in the heart of a preserved and authentic Normandy.<\/strong><\/h4>\n<p>&nbsp;<\/p>\n<p><a href=\"https:\/\/www.ambassadeurhotel.com\/en\/cotentin-peninsula\/\">Discover the Cotentin<\/a>[\/vc_column_text][vc_empty_space][\/vc_column_inner][vc_column_inner width=&#8221;1\/3&#8243;][\/vc_column_inner][vc_column_inner width=&#8221;1\/3&#8243;][\/vc_column_inner][\/vc_row_inner][\/vc_column][\/vc_row]<\/p>\n<\/div>","protected":false},"excerpt":{"rendered":"<p>[vc_row css=&#8221;.vc_custom_1430989694923{margin-top: 50px !important;}&#8221;][vc_column][\/vc_column][\/vc_row][vc_row full_width=&#8221;stretch_row&#8221; css=&#8221;.vc_custom_1433325077544{background-image: url(https:\/\/www.ambassadeurhotel.com\/wp-content\/uploads\/2015\/05\/IMG_6997.jpg?id=2425) !important;background-position: center !important;background-repeat: no-repeat !important;background-size: cover !important;}&#8221; el_class=&#8221;pix-nopaddingbottom&#8221;][vc_column][vc_row_inner][vc_column_inner width=&#8221;1\/3&#8243;][vc_empty_space][vc_column_text css=&#8221;.vc_custom_1741796995030{padding-top: 20px !important;padding-right: 20px !important;padding-bottom: 20px !important;padding-left: 20px !important;background-image: url(https:\/\/www.ambassadeurhotel.com\/wp-content\/uploads\/2015\/05\/blanc_trans70.png?id=2435)<span class=\"excerpt-hellip\"> [\u2026]<\/span><\/p>\n","protected":false},"author":1,"featured_media":0,"parent":0,"menu_order":5,"comment_status":"open","ping_status":"closed","template":"","meta":{"footnotes":""},"class_list":["post-2879","page","type-page","status-publish","hentry"],"_links":{"self":[{"href":"https:\/\/www.ambassadeurhotel.com\/en\/wp-json\/wp\/v2\/pages\/2879","targetHints":{"allow":["GET"]}}],"collection":[{"href":"https:\/\/www.ambassadeurhotel.com\/en\/wp-json\/wp\/v2\/pages"}],"about":[{"href":"https:\/\/www.ambassadeurhotel.com\/en\/wp-json\/wp\/v2\/types\/page"}],"author":[{"embeddable":true,"href":"https:\/\/www.ambassadeurhotel.com\/en\/wp-json\/wp\/v2\/users\/1"}],"replies":[{"embeddable":true,"href":"https:\/\/www.ambassadeurhotel.com\/en\/wp-json\/wp\/v2\/comments?post=2879"}],"version-history":[{"count":6,"href":"https:\/\/www.ambassadeurhotel.com\/en\/wp-json\/wp\/v2\/pages\/2879\/revisions"}],"predecessor-version":[{"id":8762,"href":"https:\/\/www.ambassadeurhotel.com\/en\/wp-json\/wp\/v2\/pages\/2879\/revisions\/8762"}],"wp:attachment":[{"href":"https:\/\/www.ambassadeurhotel.com\/en\/wp-json\/wp\/v2\/media?parent=2879"}],"curies":[{"name":"wp","href":"https:\/\/api.w.org\/{rel}","templated":true}]}}